{"id":1440,"date":"2019-05-20T14:47:45","date_gmt":"2019-05-20T12:47:45","guid":{"rendered":"https:\/\/www.vegan-in-halle.de\/wp\/?page_id=1440"},"modified":"2019-05-21T08:24:33","modified_gmt":"2019-05-21T06:24:33","slug":"essen-und-trinken","status":"publish","type":"page","link":"https:\/\/www.vegan-in-halle.de\/wp\/leben\/veranstaltungen-und-termine\/essen-und-trinken\/","title":{"rendered":"Essen und Trinken"},"content":{"rendered":"\n<p>F\u00fcr kulinarische Highlights sorgen:<\/p>\n\n\n\n<p>?<a href=\"https:\/\/www.facebook.com\/marlaundmathildastourbus.de\/?__tn__=K-R&amp;eid=ARAlqQqMxd-Px3nZIVnFOm7S5I0Qf2nvwlXOB7nIRS4IyRF7m1vRk9bSRHDYbliE8AKJ1AE6lDF7q1xS&amp;fref=mentions&amp;__xts__%5B0%5D=68.ARBApav_EbN2nEZpUChHFLNseynxl6iIN2fIU05Bo9hQi11DmEZV4FcT9ijtbeZza9ZEOtMMDA4nOAFwvwGIno9Ttzq7MxZNEQW3UiBuKbXaPNay_qHXrtEybS_s1eHhTOU1WK-oRVrzz5dvUPYcG2S7cXRhzH6C2fbly_cr_TRVx7karKQIp5-3d1meqyy8x0ehO1etkXc5OYYrgv5hy7SKmi2dPTDm3qXpMgM2VUQ3ADlWnF2l5KIGRb7a6Blnb2zzAhwao8EmXnnq-cPSLl8Y9-u8txsbutjFYouXTW_BmZAoDRfCgPskxE1w6mHu1X8\">Marla &amp; Mathildas Tourbus<\/a>&nbsp;mit D\u00f6ner, Burger, Gyros und Eis<br>?<a href=\"https:\/\/www.facebook.com\/VeganOst\/?__tn__=K-R&amp;eid=ARD56IjgxpPgCHNb9WbSGzw0U9WZ0ncypx0_wLqgpelHuW1KkMI-HUjq4OcoUqiDcShPdmT1T0Z3jAoq&amp;fref=mentions&amp;__xts__%5B0%5D=68.ARBApav_EbN2nEZpUChHFLNseynxl6iIN2fIU05Bo9hQi11DmEZV4FcT9ijtbeZza9ZEOtMMDA4nOAFwvwGIno9Ttzq7MxZNEQW3UiBuKbXaPNay_qHXrtEybS_s1eHhTOU1WK-oRVrzz5dvUPYcG2S7cXRhzH6C2fbly_cr_TRVx7karKQIp5-3d1meqyy8x0ehO1etkXc5OYYrgv5hy7SKmi2dPTDm3qXpMgM2VUQ3ADlWnF2l5KIGRb7a6Blnb2zzAhwao8EmXnnq-cPSLl8Y9-u8txsbutjFYouXTW_BmZAoDRfCgPskxE1w6mHu1X8\">VeganOst\u044a<\/a>&nbsp;mit veganen Spezialit\u00e4ten wie Flammkuchen, Piroggen und Pelmeni&nbsp;<br>?<a href=\"https:\/\/www.facebook.com\/millets.liqueurs\/?__tn__=K-R&amp;eid=ARCq8SiTgMTdQrMIpGOOz7dS1jeaQHGVuM9lW_0C29kF9QSxHGncigcqLhaqj7T9pc-NSeJDql7nkn5Y&amp;fref=mentions&amp;__xts__%5B0%5D=68.ARBApav_EbN2nEZpUChHFLNseynxl6iIN2fIU05Bo9hQi11DmEZV4FcT9ijtbeZza9ZEOtMMDA4nOAFwvwGIno9Ttzq7MxZNEQW3UiBuKbXaPNay_qHXrtEybS_s1eHhTOU1WK-oRVrzz5dvUPYcG2S7cXRhzH6C2fbly_cr_TRVx7karKQIp5-3d1meqyy8x0ehO1etkXc5OYYrgv5hy7SKmi2dPTDm3qXpMgM2VUQ3ADlWnF2l5KIGRb7a6Blnb2zzAhwao8EmXnnq-cPSLl8Y9-u8txsbutjFYouXTW_BmZAoDRfCgPskxE1w6mHu1X8\">Millet&#8217;s<\/a>&nbsp;mit einem veganen Lik\u00f6r&nbsp;<br>?<a href=\"https:\/\/www.facebook.com\/ina.gottschlich?__tn__=K-R&amp;eid=ARByodRO0D_zvkAdSPN-CFtczYrioafI5OjjNP4kKgON2HsQHMW92i4zPKTdaWt5IhXZgQxMh1UVpOSh&amp;fref=mentions&amp;__xts__%5B0%5D=68.ARBApav_EbN2nEZpUChHFLNseynxl6iIN2fIU05Bo9hQi11DmEZV4FcT9ijtbeZza9ZEOtMMDA4nOAFwvwGIno9Ttzq7MxZNEQW3UiBuKbXaPNay_qHXrtEybS_s1eHhTOU1WK-oRVrzz5dvUPYcG2S7cXRhzH6C2fbly_cr_TRVx7karKQIp5-3d1meqyy8x0ehO1etkXc5OYYrgv5hy7SKmi2dPTDm3qXpMgM2VUQ3ADlWnF2l5KIGRb7a6Blnb2zzAhwao8EmXnnq-cPSLl8Y9-u8txsbutjFYouXTW_BmZAoDRfCgPskxE1w6mHu1X8\">Regina Gottschlich<\/a>&nbsp;mit Rohkosttorten, die auch optisch ein Hingucker sind<br>?<a href=\"https:\/\/www.facebook.com\/peissnitzhaus\/?__tn__=K-R&amp;eid=ARA228EC_RO41IEaZCZg3TcsIab9RX41sfuXFuJxZtRuIAMEaVvt7HkoSARPvzKRtT5UMfOdwn0GKbaD&amp;fref=mentions&amp;__xts__%5B0%5D=68.ARBApav_EbN2nEZpUChHFLNseynxl6iIN2fIU05Bo9hQi11DmEZV4FcT9ijtbeZza9ZEOtMMDA4nOAFwvwGIno9Ttzq7MxZNEQW3UiBuKbXaPNay_qHXrtEybS_s1eHhTOU1WK-oRVrzz5dvUPYcG2S7cXRhzH6C2fbly_cr_TRVx7karKQIp5-3d1meqyy8x0ehO1etkXc5OYYrgv5hy7SKmi2dPTDm3qXpMgM2VUQ3ADlWnF2l5KIGRb7a6Blnb2zzAhwao8EmXnnq-cPSLl8Y9-u8txsbutjFYouXTW_BmZAoDRfCgPskxE1w6mHu1X8\">Pei\u00dfnitzhaus<\/a>&nbsp;mit Cr\u00eapes, Kuchen &amp; Kaffeespezialit\u00e4ten<\/p>\n","protected":false},"excerpt":{"rendered":"<p>F\u00fcr kulinarische Highlights sorgen: ?Marla &amp; Mathildas Tourbus&nbsp;mit D\u00f6ner, Burger, Gyros und Eis?VeganOst\u044a&nbsp;mit veganen Spezialit\u00e4ten wie Flammkuchen, Piroggen und Pelmeni&nbsp;?Millet&#8217;s&nbsp;mit einem veganen Lik\u00f6r&nbsp;?Regina Gottschlich&nbsp;mit Rohkosttorten, die auch optisch ein Hingucker sind?Pei\u00dfnitzhaus&nbsp;mit Cr\u00eapes, Kuchen &amp; Kaffeespezialit\u00e4ten<\/p>\n","protected":false},"author":2,"featured_media":0,"parent":365,"menu_order":0,"comment_status":"closed","ping_status":"closed","template":"","meta":{"footnotes":""},"categories":[],"tags":[],"class_list":["post-1440","page","type-page","status-publish","hentry"],"_links":{"self":[{"href":"https:\/\/www.vegan-in-halle.de\/wp\/wp-json\/wp\/v2\/pages\/1440","targetHints":{"allow":["GET"]}}],"collection":[{"href":"https:\/\/www.vegan-in-halle.de\/wp\/wp-json\/wp\/v2\/pages"}],"about":[{"href":"https:\/\/www.vegan-in-halle.de\/wp\/wp-json\/wp\/v2\/types\/page"}],"author":[{"embeddable":true,"href":"https:\/\/www.vegan-in-halle.de\/wp\/wp-json\/wp\/v2\/users\/2"}],"replies":[{"embeddable":true,"href":"https:\/\/www.vegan-in-halle.de\/wp\/wp-json\/wp\/v2\/comments?post=1440"}],"version-history":[{"count":2,"href":"https:\/\/www.vegan-in-halle.de\/wp\/wp-json\/wp\/v2\/pages\/1440\/revisions"}],"predecessor-version":[{"id":1479,"href":"https:\/\/www.vegan-in-halle.de\/wp\/wp-json\/wp\/v2\/pages\/1440\/revisions\/1479"}],"up":[{"embeddable":true,"href":"https:\/\/www.vegan-in-halle.de\/wp\/wp-json\/wp\/v2\/pages\/365"}],"wp:attachment":[{"href":"https:\/\/www.vegan-in-halle.de\/wp\/wp-json\/wp\/v2\/media?parent=1440"}],"wp:term":[{"taxonomy":"category","embeddable":true,"href":"https:\/\/www.vegan-in-halle.de\/wp\/wp-json\/wp\/v2\/categories?post=1440"},{"taxonomy":"post_tag","embeddable":true,"href":"https:\/\/www.vegan-in-halle.de\/wp\/wp-json\/wp\/v2\/tags?post=1440"}],"curies":[{"name":"wp","href":"https:\/\/api.w.org\/{rel}","templated":true}]}}